{"id":5,"date":"2022-03-02T09:19:21","date_gmt":"2022-03-02T09:19:21","guid":{"rendered":"https:\/\/tec.citius.usc.es\/ainformaticaeavida\/home\/"},"modified":"2024-02-26T13:19:30","modified_gmt":"2024-02-26T12:19:30","slug":"home","status":"publish","type":"page","link":"https:\/\/tec.citius.usc.es\/ainformaticaeavida\/","title":{"rendered":"Inicio"},"content":{"rendered":"\t\t<div data-elementor-type=\"wp-page\" data-elementor-id=\"5\" class=\"elementor elementor-5\">\n\t\t\t\t<div class=\"elementor-element elementor-element-21314c5 e-flex e-con-boxed e-con e-parent\" data-id=\"21314c5\" data-element_type=\"container\" data-e-type=\"container\" data-settings=\"{&quot;background_background&quot;:&quot;classic&quot;}\">\n\t\t\t\t\t<div class=\"e-con-inner\">\n\t\t<div class=\"elementor-element elementor-element-e8694c7 e-con-full e-flex e-con e-child\" data-id=\"e8694c7\" data-element_type=\"container\" data-e-type=\"container\">\n\t\t\t\t<div class=\"elementor-element elementor-element-cffcb38 elementor-widget elementor-widget-heading\" data-id=\"cffcb38\" data-element_type=\"widget\" data-e-type=\"widget\" data-widget_type=\"heading.default\">\n\t\t\t\t<div class=\"elementor-widget-container\">\n\t\t\t\t\t<h1 class=\"elementor-heading-title elementor-size-default\">A inform\u00e1tica e a vida<\/h1>\t\t\t\t<\/div>\n\t\t\t\t<\/div>\n\t\t\t\t<div class=\"elementor-element elementor-element-605eb49 elementor-widget elementor-widget-text-editor\" data-id=\"605eb49\" data-element_type=\"widget\" data-e-type=\"widget\" data-widget_type=\"text-editor.default\">\n\t\t\t\t<div class=\"elementor-widget-container\">\n\t\t\t\t\t\t\t\t\t<p>Unha serie de obradoiros de Eva Cernadas Garc\u00eda para celebrar o D\u00eda Internacional da Muller e da Nena na Ciencia.<\/p>\t\t\t\t\t\t\t\t<\/div>\n\t\t\t\t<\/div>\n\t\t<div class=\"elementor-element elementor-element-332e5b3 e-con-full e-flex e-con e-child\" data-id=\"332e5b3\" data-element_type=\"container\" data-e-type=\"container\">\n\t\t<div class=\"elementor-element elementor-element-0093a6a e-con-full e-flex e-con e-child\" data-id=\"0093a6a\" data-element_type=\"container\" data-e-type=\"container\">\n\t\t\t\t<div class=\"elementor-element elementor-element-d736abc elementor-align-center elementor-widget elementor-widget-button\" data-id=\"d736abc\" data-element_type=\"widget\" data-e-type=\"widget\" data-widget_type=\"button.default\">\n\t\t\t\t<div class=\"elementor-widget-container\">\n\t\t\t\t\t\t\t\t\t<div class=\"elementor-button-wrapper\">\n\t\t\t\t\t<a class=\"elementor-button elementor-button-link elementor-size-sm\" href=\"https:\/\/tec.citius.usc.es\/ainformaticaeavida\/program\/#alistaconenlaces\">\n\t\t\t\t\t\t<span class=\"elementor-button-content-wrapper\">\n\t\t\t\t\t\t\t\t\t<span class=\"elementor-button-text\">Descubre os obradoiros!<\/span>\n\t\t\t\t\t<\/span>\n\t\t\t\t\t<\/a>\n\t\t\t\t<\/div>\n\t\t\t\t\t\t\t\t<\/div>\n\t\t\t\t<\/div>\n\t\t\t\t<\/div>\n\t\t\t\t<\/div>\n\t\t\t\t<\/div>\n\t\t\t\t<div class=\"elementor-element elementor-element-bd96180 elementor-widget elementor-widget-image\" data-id=\"bd96180\" data-element_type=\"widget\" data-e-type=\"widget\" data-widget_type=\"image.default\">\n\t\t\t\t<div class=\"elementor-widget-container\">\n\t\t\t\t\t\t\t\t\t\t\t\t\t\t\t<img fetchpriority=\"high\" decoding=\"async\" width=\"1024\" height=\"723\" src=\"https:\/\/tec.citius.usc.es\/ainformaticaeavida\/wp-content\/uploads\/2024\/02\/cystanalyser2-1-1024x723.png\" class=\"attachment-large size-large wp-image-2044\" alt=\"\" srcset=\"https:\/\/tec.citius.usc.es\/ainformaticaeavida\/wp-content\/uploads\/2024\/02\/cystanalyser2-1-1024x723.png 1024w, https:\/\/tec.citius.usc.es\/ainformaticaeavida\/wp-content\/uploads\/2024\/02\/cystanalyser2-1-300x212.png 300w, https:\/\/tec.citius.usc.es\/ainformaticaeavida\/wp-content\/uploads\/2024\/02\/cystanalyser2-1-768x543.png 768w, https:\/\/tec.citius.usc.es\/ainformaticaeavida\/wp-content\/uploads\/2024\/02\/cystanalyser2-1.png 1271w\" sizes=\"(max-width: 1024px) 100vw, 1024px\" \/>\t\t\t\t\t\t\t\t\t\t\t\t\t\t\t<\/div>\n\t\t\t\t<\/div>\n\t\t\t\t\t<\/div>\n\t\t\t\t<\/div>\n\t\t<div class=\"elementor-element elementor-element-331d7cc e-flex e-con-boxed e-con e-parent\" data-id=\"331d7cc\" data-element_type=\"container\" data-e-type=\"container\" data-settings=\"{&quot;background_background&quot;:&quot;classic&quot;}\">\n\t\t\t\t\t<div class=\"e-con-inner\">\n\t\t<div class=\"elementor-element elementor-element-f860b3e e-con-full e-flex e-con e-child\" data-id=\"f860b3e\" data-element_type=\"container\" data-e-type=\"container\">\n\t\t\t\t<div class=\"elementor-element elementor-element-56fc933 elementor-widget elementor-widget-image\" data-id=\"56fc933\" data-element_type=\"widget\" data-e-type=\"widget\" data-widget_type=\"image.default\">\n\t\t\t\t<div class=\"elementor-widget-container\">\n\t\t\t\t\t\t\t\t\t\t\t\t\t\t\t<img decoding=\"async\" width=\"1834\" height=\"2560\" src=\"https:\/\/tec.citius.usc.es\/ainformaticaeavida\/wp-content\/uploads\/2024\/02\/20-Eva-Cernadas-05-scaled.jpg\" class=\"attachment-full size-full wp-image-1642\" alt=\"\" srcset=\"https:\/\/tec.citius.usc.es\/ainformaticaeavida\/wp-content\/uploads\/2024\/02\/20-Eva-Cernadas-05-scaled.jpg 1834w, https:\/\/tec.citius.usc.es\/ainformaticaeavida\/wp-content\/uploads\/2024\/02\/20-Eva-Cernadas-05-215x300.jpg 215w, https:\/\/tec.citius.usc.es\/ainformaticaeavida\/wp-content\/uploads\/2024\/02\/20-Eva-Cernadas-05-734x1024.jpg 734w, https:\/\/tec.citius.usc.es\/ainformaticaeavida\/wp-content\/uploads\/2024\/02\/20-Eva-Cernadas-05-768x1072.jpg 768w, https:\/\/tec.citius.usc.es\/ainformaticaeavida\/wp-content\/uploads\/2024\/02\/20-Eva-Cernadas-05-1100x1536.jpg 1100w, https:\/\/tec.citius.usc.es\/ainformaticaeavida\/wp-content\/uploads\/2024\/02\/20-Eva-Cernadas-05-1467x2048.jpg 1467w\" sizes=\"(max-width: 1834px) 100vw, 1834px\" \/>\t\t\t\t\t\t\t\t\t\t\t\t\t\t\t<\/div>\n\t\t\t\t<\/div>\n\t\t\t\t<\/div>\n\t\t<div class=\"elementor-element elementor-element-0617c07 e-con-full e-flex e-con e-child\" data-id=\"0617c07\" data-element_type=\"container\" data-e-type=\"container\">\n\t\t\t\t<\/div>\n\t\t<div class=\"elementor-element elementor-element-543ed7f e-con-full e-flex e-con e-child\" data-id=\"543ed7f\" data-element_type=\"container\" data-e-type=\"container\">\n\t\t\t\t<div class=\"elementor-element elementor-element-1ff6683 elementor-widget__width-inherit elementor-view-default elementor-widget elementor-widget-icon\" data-id=\"1ff6683\" data-element_type=\"widget\" data-e-type=\"widget\" data-widget_type=\"icon.default\">\n\t\t\t\t<div class=\"elementor-widget-container\">\n\t\t\t\t\t\t\t<div class=\"elementor-icon-wrapper\">\n\t\t\t<div class=\"elementor-icon\">\n\t\t\t<svg xmlns=\"http:\/\/www.w3.org\/2000\/svg\" width=\"28\" height=\"24\" viewBox=\"0 0 28 24\" fill=\"none\"><path d=\"M0 24V17.6842C0 15.7661 0.330484 13.731 0.991453 11.5789C1.67521 9.40351 2.65527 7.30994 3.93162 5.29825C5.23077 3.26316 6.79202 1.49707 8.61538 0L11.9658 2.98246C10.2336 5.04094 8.77493 7.33333 7.58974 9.85965C6.42735 12.3626 5.84615 14.9357 5.84615 17.5789V24H0ZM16.0342 24V17.6842C16.0342 15.7661 16.3647 13.731 17.0256 11.5789C17.7094 9.40351 18.6895 7.30994 19.9658 5.29825C21.265 3.26316 22.8262 1.49707 24.6496 0L28 2.98246C26.2678 5.04094 24.8091 7.33333 23.6239 9.85965C22.4615 12.3626 21.8803 14.9357 21.8803 17.5789V24H16.0342Z\" fill=\"#FD8549\"><\/path><\/svg>\t\t\t<\/div>\n\t\t<\/div>\n\t\t\t\t\t\t<\/div>\n\t\t\t\t<\/div>\n\t\t\t\t<div class=\"elementor-element elementor-element-b12591f elementor-widget elementor-widget-text-editor\" data-id=\"b12591f\" data-element_type=\"widget\" data-e-type=\"widget\" data-widget_type=\"text-editor.default\">\n\t\t\t\t<div class=\"elementor-widget-container\">\n\t\t\t\t\t\t\t\t\t<p>A tecnolox\u00eda resolve problemas imitando como os resolveriamos as persoas na vida real. Con esta simple idea, imos constru\u00edndo os programas dos ordenadores<\/p>\t\t\t\t\t\t\t\t<\/div>\n\t\t\t\t<\/div>\n\t\t\t\t<div class=\"elementor-element elementor-element-9db7586 elementor-widget elementor-widget-image-box\" data-id=\"9db7586\" data-element_type=\"widget\" data-e-type=\"widget\" data-widget_type=\"image-box.default\">\n\t\t\t\t<div class=\"elementor-widget-container\">\n\t\t\t\t\t<div class=\"elementor-image-box-wrapper\"><div class=\"elementor-image-box-content\"><div class=\"elementor-image-box-title\">Eva Cernadas Garc\u00eda<\/div><p class=\"elementor-image-box-description\">Directora do proxecto<\/p><\/div><\/div>\t\t\t\t<\/div>\n\t\t\t\t<\/div>\n\t\t\t\t<\/div>\n\t\t\t\t\t<\/div>\n\t\t\t\t<\/div>\n\t\t<div class=\"elementor-element elementor-element-ebad957 e-flex e-con-boxed e-con e-parent\" data-id=\"ebad957\" data-element_type=\"container\" data-e-type=\"container\">\n\t\t\t\t\t<div class=\"e-con-inner\">\n\t\t<div class=\"elementor-element elementor-element-15e88cb e-con-full e-flex e-con e-child\" data-id=\"15e88cb\" data-element_type=\"container\" data-e-type=\"container\">\n\t\t\t\t<div class=\"elementor-element elementor-element-dab8833 elementor-widget elementor-widget-heading\" data-id=\"dab8833\" data-element_type=\"widget\" data-e-type=\"widget\" data-widget_type=\"heading.default\">\n\t\t\t\t<div class=\"elementor-widget-container\">\n\t\t\t\t\t<h6 class=\"elementor-heading-title elementor-size-default\">Un proxecto con historia<\/h6>\t\t\t\t<\/div>\n\t\t\t\t<\/div>\n\t\t\t\t<div class=\"elementor-element elementor-element-0378ad9 elementor-widget elementor-widget-heading\" data-id=\"0378ad9\" data-element_type=\"widget\" data-e-type=\"widget\" data-widget_type=\"heading.default\">\n\t\t\t\t<div class=\"elementor-widget-container\">\n\t\t\t\t\t<h2 class=\"elementor-heading-title elementor-size-default\">Agradecementos<\/h2>\t\t\t\t<\/div>\n\t\t\t\t<\/div>\n\t\t\t\t<div class=\"elementor-element elementor-element-3bc5fbc elementor-widget elementor-widget-text-editor\" data-id=\"3bc5fbc\" data-element_type=\"widget\" data-e-type=\"widget\" data-widget_type=\"text-editor.default\">\n\t\t\t\t<div class=\"elementor-widget-container\">\n\t\t\t\t\t\t\t\t\t<p>Este proxecto comezou en 2016 cando a <a href=\"https:\/\/www.usc.gal\/gl\/servizos\/unidades\/oficina-igualdade-xenero\">Oficina de Igualdade de X\u00e9nero (OIX)<\/a> da Universidade de Santiago de Compostela (USC), en colaboraci\u00f3n co Concello de Santiago de Compostela, puxo en marcha o programa \u201c<a href=\"https:\/\/unhaencadacole.gal\/\">Unha enxe\u00f1eira ou cient\u00edfica en cada cole<\/a>\u201d para a realizaci\u00f3n de obradoiros cient\u00edficos nos Colexios de Educaci\u00f3n Infantil e Primaria (CEIP) p\u00fablicos de Santiago. Grazas \u00e1 responsable da OIX en 2016, Dra. Eva Aguayo Lorenzo, e a Dra. Encina Calvo Iglesias por invitarme a participar neste programa co obradoiro \u201cInform\u00e1tica visual aplicada \u00e1 biolox\u00eda\u201d.<\/p>\n<p>Grazas a todas as nenas e nenos an\u00f3nimos que, \u00f3 longo destes anos, coas s\u00faas preguntas e inquedanzas foron mellorando as actividades do obradoiro. Grazas ao profesorado de educaci\u00f3n primaria e secundaria que me recibiu nas s\u00faas aulas, polas s\u00faas aportaci\u00f3ns did\u00e1cticas no desenvolvemento dos obradoiros da aula. Grazas tam\u00e9n \u00f3 meu fillo Fuco e \u00e1s mi\u00f1as fillas Gala e Leda polas s\u00faas preguntas, comentarios e cr\u00edticas \u00f3 longo destes anos.&nbsp;<span style=\"font-style: inherit; font-weight: inherit; text-align: var(--text-align); background-color: var(--ast-global-color-4); color: var(--ast-global-color-3);\">No ano 2021, a OIX estende a iniciativa a todos os CEIP de Galicia. Este curso 2023-24, a responsable da OIX, Dra. Marta P\u00e9rez Pereiro, ampl\u00eda o n\u00famero de obradoiros. A documentaci\u00f3n do obradoiro \u201cA inform\u00e1tica e a vida\u201d que tedes nas mans \u00e9 a evoluci\u00f3n dese obradoiro inicial. Grazas \u00e1 OIX da USC por invitarme a este novo reto, e \u00f3&nbsp;<\/span><a style=\"font-style: inherit; font-weight: inherit; text-align: var(--text-align);\" href=\"https:\/\/citius.gal\/es\/\" target=\"_blank\" rel=\"noopener\">Centro Singular de Investigaci\u00f3n en Tecnolox\u00edas Intelixentes da USC (CiTIUS)<\/a><span style=\"font-style: inherit; font-weight: inherit; text-align: var(--text-align); background-color: var(--ast-global-color-4); color: var(--ast-global-color-3);\">&nbsp;&nbsp;por dar o soporte necesario para a distribuci\u00f3n e difusi\u00f3n da documentaci\u00f3n do obradoiro.<\/span><\/p>\n<p>Neste obradoiro \u00fasanse dous produtos de investigaci\u00f3n, os programas&nbsp;<a href=\"https:\/\/citius.usc.es\/transferencia\/software\/cystanalyser\" target=\"_blank\" rel=\"noopener\">CystAnalyser&nbsp;<\/a>e&nbsp;<a href=\"https:\/\/citius.usc.es\/transferencia\/software\/sterapp\" target=\"_blank\" rel=\"noopener\">STERapp<\/a>. Quero agradecer a participaci\u00f3n de todas as persoas que fixeron posible esta investigaci\u00f3n: Adri\u00e1n Cordido, Miguel A. Garc\u00eda Gonz\u00e1lez, Manuel Fern\u00e1ndez Delgado, Almoutaz Mbaidin, Sonia R\u00e1bade Uberos, Rosario Dom\u00ednguez Petit, Andr\u00e9s Villaverde, Mar\u00eda Encarnaci\u00f3n G\u00f3nzalez Rufino e Arno Formella.<\/p>\t\t\t\t\t\t\t\t<\/div>\n\t\t\t\t<\/div>\n\t\t\t\t<\/div>\n\t\t\t\t\t<\/div>\n\t\t\t\t<\/div>\n\t\t<div class=\"elementor-element elementor-element-449451e e-flex e-con-boxed e-con e-parent\" data-id=\"449451e\" data-element_type=\"container\" data-e-type=\"container\" data-settings=\"{&quot;background_background&quot;:&quot;classic&quot;}\">\n\t\t\t\t\t<div class=\"e-con-inner\">\n\t\t<div class=\"elementor-element elementor-element-0d48b79 e-con-full e-flex e-con e-child\" data-id=\"0d48b79\" data-element_type=\"container\" data-e-type=\"container\">\n\t\t\t\t<div class=\"elementor-element elementor-element-304f6cf elementor-widget elementor-widget-heading\" data-id=\"304f6cf\" data-element_type=\"widget\" data-e-type=\"widget\" data-widget_type=\"heading.default\">\n\t\t\t\t<div class=\"elementor-widget-container\">\n\t\t\t\t\t<h1 class=\"elementor-heading-title elementor-size-default\">Achega a ciencia \u00f3 alumnado<\/h1>\t\t\t\t<\/div>\n\t\t\t\t<\/div>\n\t\t\t\t<div class=\"elementor-element elementor-element-c5503ff elementor-widget elementor-widget-heading\" data-id=\"c5503ff\" data-element_type=\"widget\" data-e-type=\"widget\" data-widget_type=\"heading.default\">\n\t\t\t\t<div class=\"elementor-widget-container\">\n\t\t\t\t\t<p class=\"elementor-heading-title elementor-size-default\">Explora coa t\u00faa clase os obradoiros elaborados por Eva Cernadas Garc\u00eda!<\/p>\t\t\t\t<\/div>\n\t\t\t\t<\/div>\n\t\t\t\t<div class=\"elementor-element elementor-element-41be156 elementor-align-center elementor-widget elementor-widget-button\" data-id=\"41be156\" data-element_type=\"widget\" data-e-type=\"widget\" data-widget_type=\"button.default\">\n\t\t\t\t<div class=\"elementor-widget-container\">\n\t\t\t\t\t\t\t\t\t<div class=\"elementor-button-wrapper\">\n\t\t\t\t\t<a class=\"elementor-button elementor-button-link elementor-size-sm\" href=\"https:\/\/tec.citius.usc.es\/ainformaticaeavida\/admission\/\">\n\t\t\t\t\t\t<span class=\"elementor-button-content-wrapper\">\n\t\t\t\t\t\t\t\t\t<span class=\"elementor-button-text\">Inter\u00e9same!<\/span>\n\t\t\t\t\t<\/span>\n\t\t\t\t\t<\/a>\n\t\t\t\t<\/div>\n\t\t\t\t\t\t\t\t<\/div>\n\t\t\t\t<\/div>\n\t\t\t\t<\/div>\n\t\t\t\t\t<\/div>\n\t\t\t\t<\/div>\n\t\t\t\t<\/div>\n\t\t","protected":false},"excerpt":{"rendered":"<p>A inform\u00e1tica e a vida Unha serie de obradoiros de Eva Cernadas Garc\u00eda para celebrar o D\u00eda Internacional da Muller e da Nena na Ciencia. Descubre os obradoiros! A tecnolox\u00eda resolve problemas imitando como os resolveriamos as persoas na vida real. Con esta simple idea, imos constru\u00edndo os programas dos ordenadores Eva Cernadas Garc\u00eda Directora [&hellip;]<\/p>\n","protected":false},"author":1,"featured_media":0,"parent":0,"menu_order":0,"comment_status":"closed","ping_status":"closed","template":"","meta":{"_uag_custom_page_level_css":"","site-sidebar-layout":"no-sidebar","site-content-layout":"page-builder","ast-site-content-layout":"full-width-container","site-content-style":"unboxed","site-sidebar-style":"unboxed","ast-global-header-display":"","ast-banner-title-visibility":"","ast-main-header-display":"","ast-hfb-above-header-display":"","ast-hfb-below-header-display":"","ast-hfb-mobile-header-display":"","site-post-title":"disabled","ast-breadcrumbs-content":"","ast-featured-img":"disabled","footer-sml-layout":"","theme-transparent-header-meta":"enabled","adv-header-id-meta":"","stick-header-meta":"","header-above-stick-meta":"","header-main-stick-meta":"","header-below-stick-meta":"","astra-migrate-meta-layouts":"set","ast-page-background-enabled":"default","ast-page-background-meta":{"desktop":{"background-color":"var(--ast-global-color-4)","background-image":"","background-repeat":"repeat","background-position":"center center","background-size":"auto","background-attachment":"scroll","background-type":"","background-media":"","overlay-type":"","overlay-color":"","overlay-gradient":""},"tablet":{"background-color":"","background-image":"","background-repeat":"repeat","background-position":"center center","background-size":"auto","background-attachment":"scroll","background-type":"","background-media":"","overlay-type":"","overlay-color":"","overlay-gradient":""},"mobile":{"background-color":"","background-image":"","background-repeat":"repeat","background-position":"center center","background-size":"auto","background-attachment":"scroll","background-type":"","background-media":"","overlay-type":"","overlay-color":"","overlay-gradient":""}},"ast-content-background-meta":{"desktop":{"background-color":"var(--ast-global-color-5)","background-image":"","background-repeat":"repeat","background-position":"center center","background-size":"auto","background-attachment":"scroll","background-type":"","background-media":"","overlay-type":"","overlay-color":"","overlay-gradient":""},"tablet":{"background-color":"var(--ast-global-color-5)","background-image":"","background-repeat":"repeat","background-position":"center center","background-size":"auto","background-attachment":"scroll","background-type":"","background-media":"","overlay-type":"","overlay-color":"","overlay-gradient":""},"mobile":{"background-color":"var(--ast-global-color-5)","background-image":"","background-repeat":"repeat","background-position":"center center","background-size":"auto","background-attachment":"scroll","background-type":"","background-media":"","overlay-type":"","overlay-color":"","overlay-gradient":""}},"footnotes":""},"class_list":["post-5","page","type-page","status-publish","hentry"],"uagb_featured_image_src":{"full":false,"thumbnail":false,"medium":false,"medium_large":false,"large":false,"1536x1536":false,"2048x2048":false},"uagb_author_info":{"display_name":"ainformatica-admin","author_link":"https:\/\/tec.citius.usc.es\/ainformaticaeavida\/author\/ainformatica-admin\/"},"uagb_comment_info":0,"uagb_excerpt":"A inform\u00e1tica e a vida Unha serie de obradoiros de Eva Cernadas Garc\u00eda para celebrar o D\u00eda Internacional da Muller e da Nena na Ciencia. Descubre os obradoiros! A tecnolox\u00eda resolve problemas imitando como os resolveriamos as persoas na vida real. Con esta simple idea, imos constru\u00edndo os programas dos ordenadores Eva Cernadas Garc\u00eda Directora&hellip;","_links":{"self":[{"href":"https:\/\/tec.citius.usc.es\/ainformaticaeavida\/wp-json\/wp\/v2\/pages\/5","targetHints":{"allow":["GET"]}}],"collection":[{"href":"https:\/\/tec.citius.usc.es\/ainformaticaeavida\/wp-json\/wp\/v2\/pages"}],"about":[{"href":"https:\/\/tec.citius.usc.es\/ainformaticaeavida\/wp-json\/wp\/v2\/types\/page"}],"author":[{"embeddable":true,"href":"https:\/\/tec.citius.usc.es\/ainformaticaeavida\/wp-json\/wp\/v2\/users\/1"}],"replies":[{"embeddable":true,"href":"https:\/\/tec.citius.usc.es\/ainformaticaeavida\/wp-json\/wp\/v2\/comments?post=5"}],"version-history":[{"count":169,"href":"https:\/\/tec.citius.usc.es\/ainformaticaeavida\/wp-json\/wp\/v2\/pages\/5\/revisions"}],"predecessor-version":[{"id":2936,"href":"https:\/\/tec.citius.usc.es\/ainformaticaeavida\/wp-json\/wp\/v2\/pages\/5\/revisions\/2936"}],"wp:attachment":[{"href":"https:\/\/tec.citius.usc.es\/ainformaticaeavida\/wp-json\/wp\/v2\/media?parent=5"}],"curies":[{"name":"wp","href":"https:\/\/api.w.org\/{rel}","templated":true}]}}