{"id":1729,"date":"2024-02-07T16:18:39","date_gmt":"2024-02-07T15:18:39","guid":{"rendered":"https:\/\/tec.citius.usc.es\/ainformaticaeavida\/?page_id=1729"},"modified":"2024-02-26T13:25:13","modified_gmt":"2024-02-26T12:25:13","slug":"presentacion","status":"publish","type":"page","link":"https:\/\/tec.citius.usc.es\/ainformaticaeavida\/presentacion\/","title":{"rendered":"Presentaci\u00f3n"},"content":{"rendered":"\t\t<div data-elementor-type=\"wp-page\" data-elementor-id=\"1729\" class=\"elementor elementor-1729\">\n\t\t\t\t<div class=\"elementor-element elementor-element-4a31f45 e-flex e-con-boxed e-con e-parent\" data-id=\"4a31f45\" data-element_type=\"container\" data-e-type=\"container\" data-settings=\"{&quot;background_background&quot;:&quot;classic&quot;}\">\n\t\t\t\t\t<div class=\"e-con-inner\">\n\t\t<div class=\"elementor-element elementor-element-b5f0393 e-con-full e-flex e-con e-child\" data-id=\"b5f0393\" data-element_type=\"container\" data-e-type=\"container\">\n\t\t<div class=\"elementor-element elementor-element-815012f e-flex e-con-boxed e-con e-child\" data-id=\"815012f\" data-element_type=\"container\" data-e-type=\"container\">\n\t\t\t\t\t<div class=\"e-con-inner\">\n\t\t<div class=\"elementor-element elementor-element-bb1b0d1 e-con-full e-flex e-con e-child\" data-id=\"bb1b0d1\" data-element_type=\"container\" data-e-type=\"container\">\n\t\t\t\t<div class=\"elementor-element elementor-element-c4b385f elementor-widget elementor-widget-heading\" data-id=\"c4b385f\" data-element_type=\"widget\" data-e-type=\"widget\" data-widget_type=\"heading.default\">\n\t\t\t\t<div class=\"elementor-widget-container\">\n\t\t\t\t\t<h6 class=\"elementor-heading-title elementor-size-default\">10 obradoiros para alumnado de eduaci\u00f3n primaria e secundaria<\/h6>\t\t\t\t<\/div>\n\t\t\t\t<\/div>\n\t\t\t\t<div class=\"elementor-element elementor-element-8195fdf elementor-widget elementor-widget-heading\" data-id=\"8195fdf\" data-element_type=\"widget\" data-e-type=\"widget\" data-widget_type=\"heading.default\">\n\t\t\t\t<div class=\"elementor-widget-container\">\n\t\t\t\t\t<h1 class=\"elementor-heading-title elementor-size-default\">A inform\u00e1tica e a vida<\/h1>\t\t\t\t<\/div>\n\t\t\t\t<\/div>\n\t\t\t\t<\/div>\n\t\t\t\t\t<\/div>\n\t\t\t\t<\/div>\n\t\t\t\t<\/div>\n\t\t\t\t\t<\/div>\n\t\t\t\t<\/div>\n\t\t<div class=\"elementor-element elementor-element-3cdedb3 e-flex e-con-boxed e-con e-parent\" data-id=\"3cdedb3\" data-element_type=\"container\" data-e-type=\"container\">\n\t\t\t\t\t<div class=\"e-con-inner\">\n\t\t<div class=\"elementor-element elementor-element-f6cb83d e-con-full e-flex e-con e-child\" data-id=\"f6cb83d\" data-element_type=\"container\" data-e-type=\"container\">\n\t\t\t\t<div class=\"elementor-element elementor-element-c5f7be7 elementor-view-stacked elementor-position-inline-start elementor-widget__width-initial elementor-shape-circle elementor-mobile-position-block-start elementor-widget elementor-widget-icon-box\" data-id=\"c5f7be7\" data-element_type=\"widget\" data-e-type=\"widget\" data-widget_type=\"icon-box.default\">\n\t\t\t\t<div class=\"elementor-widget-container\">\n\t\t\t\t\t\t\t<div class=\"elementor-icon-box-wrapper\">\n\n\t\t\t\t\t\t<div class=\"elementor-icon-box-icon\">\n\t\t\t\t<span  class=\"elementor-icon\">\n\t\t\t\t<svg aria-hidden=\"true\" class=\"e-font-icon-svg e-fas-hands\" viewBox=\"0 0 640 512\" xmlns=\"http:\/\/www.w3.org\/2000\/svg\"><path d=\"M204.8 230.4c-10.6-14.1-30.7-17-44.8-6.4-14.1 10.6-17 30.7-6.4 44.8l38.1 50.8c4.8 6.4 4.1 15.3-1.5 20.9l-12.8 12.8c-6.7 6.7-17.6 6.2-23.6-1.1L64 244.4V96c0-17.7-14.3-32-32-32S0 78.3 0 96v218.4c0 10.9 3.7 21.5 10.5 30l104.1 134.3c5 6.5 8.4 13.9 10.4 21.7 1.8 6.9 8.1 11.6 15.3 11.6H272c8.8 0 16-7.2 16-16V384c0-27.7-9-54.6-25.6-76.8l-57.6-76.8zM608 64c-17.7 0-32 14.3-32 32v148.4l-89.8 107.8c-6 7.2-17 7.7-23.6 1.1l-12.8-12.8c-5.6-5.6-6.3-14.5-1.5-20.9l38.1-50.8c10.6-14.1 7.7-34.2-6.4-44.8-14.1-10.6-34.2-7.7-44.8 6.4l-57.6 76.8C361 329.4 352 356.3 352 384v112c0 8.8 7.2 16 16 16h131.7c7.1 0 13.5-4.7 15.3-11.6 2-7.8 5.4-15.2 10.4-21.7l104.1-134.3c6.8-8.5 10.5-19.1 10.5-30V96c0-17.7-14.3-32-32-32z\"><\/path><\/svg>\t\t\t\t<\/span>\n\t\t\t<\/div>\n\t\t\t\n\t\t\t\t\t\t<div class=\"elementor-icon-box-content\">\n\n\t\t\t\t\t\t\t\t\t<h5 class=\"elementor-icon-box-title\">\n\t\t\t\t\t\t<span  >\n\t\t\t\t\t\t\tRealidades\t\t\t\t\t\t<\/span>\n\t\t\t\t\t<\/h5>\n\t\t\t\t\n\t\t\t\t\t\t\t\t\t<p class=\"elementor-icon-box-description\">\n\t\t\t\t\t\tNo \u00e1mbito profesional da tecnolox\u00eda da informaci\u00f3n e da Comunicaci\u00f3n (TIC) s\u00f3 traballan un 20% de mulleres. Nas universidades espa\u00f1olas s\u00f3 estudan graos de enxe\u00f1ar\u00eda entre un 20 a 25% de alumnas e, no caso de enxe\u00f1ar\u00eda inform\u00e1tica, menos dun 15%. Varios estudos revelan que as nenas comezan a perder interese por alg\u00fans contidos CTEM (ciencia, tecnolox\u00eda, enxe\u00f1ar\u00eda e matem\u00e1ticas) xa a partir dos 7 anos. Por\u00e9n, outros estudos concl\u00faen que a diversidade de x\u00e9nero incrementa os avances de investigaci\u00f3n e innovaci\u00f3n.\t\t\t\t\t<\/p>\n\t\t\t\t\n\t\t\t<\/div>\n\t\t\t\n\t\t<\/div>\n\t\t\t\t\t\t<\/div>\n\t\t\t\t<\/div>\n\t\t\t\t<\/div>\n\t\t<div class=\"elementor-element elementor-element-2d0fc6b e-con-full e-flex e-con e-child\" data-id=\"2d0fc6b\" data-element_type=\"container\" data-e-type=\"container\">\n\t\t\t\t<div class=\"elementor-element elementor-element-a603936 elementor-view-stacked elementor-position-inline-start elementor-shape-circle elementor-mobile-position-block-start elementor-widget elementor-widget-icon-box\" data-id=\"a603936\" data-element_type=\"widget\" data-e-type=\"widget\" data-widget_type=\"icon-box.default\">\n\t\t\t\t<div class=\"elementor-widget-container\">\n\t\t\t\t\t\t\t<div class=\"elementor-icon-box-wrapper\">\n\n\t\t\t\t\t\t<div class=\"elementor-icon-box-icon\">\n\t\t\t\t<span  class=\"elementor-icon\">\n\t\t\t\t<svg aria-hidden=\"true\" class=\"e-font-icon-svg e-fas-hand-holding-heart\" viewBox=\"0 0 576 512\" xmlns=\"http:\/\/www.w3.org\/2000\/svg\"><path d=\"M275.3 250.5c7 7.4 18.4 7.4 25.5 0l108.9-114.2c31.6-33.2 29.8-88.2-5.6-118.8-30.8-26.7-76.7-21.9-104.9 7.7L288 36.9l-11.1-11.6C248.7-4.4 202.8-9.2 172 17.5c-35.3 30.6-37.2 85.6-5.6 118.8l108.9 114.2zm290 77.6c-11.8-10.7-30.2-10-42.6 0L430.3 402c-11.3 9.1-25.4 14-40 14H272c-8.8 0-16-7.2-16-16s7.2-16 16-16h78.3c15.9 0 30.7-10.9 33.3-26.6 3.3-20-12.1-37.4-31.6-37.4H192c-27 0-53.1 9.3-74.1 26.3L71.4 384H16c-8.8 0-16 7.2-16 16v96c0 8.8 7.2 16 16 16h356.8c14.5 0 28.6-4.9 40-14L564 377c15.2-12.1 16.4-35.3 1.3-48.9z\"><\/path><\/svg>\t\t\t\t<\/span>\n\t\t\t<\/div>\n\t\t\t\n\t\t\t\t\t\t<div class=\"elementor-icon-box-content\">\n\n\t\t\t\t\t\t\t\t\t<h5 class=\"elementor-icon-box-title\">\n\t\t\t\t\t\t<span  >\n\t\t\t\t\t\t\tProposta\t\t\t\t\t\t<\/span>\n\t\t\t\t\t<\/h5>\n\t\t\t\t\n\t\t\t\t\t\t\t\t\t<p class=\"elementor-icon-box-description\">\n\t\t\t\t\t\tEnsinar nas escolas as bases da tecnolox\u00eda e a inform\u00e1tica desde a \u00f3ptica da vida, das experiencias naturais do xogo das crianzas na infancia e primeira adolescencia, de nenas e nenos de entre 9 e 14 anos. Tr\u00e1tase de fuxir de enfoques que colocan \u00f3 alumnado frente a un ordenador ou calquera dispositivo electr\u00f3nico (electrodom\u00e9stico especial) como participantes que simplemente usan a tecnolox\u00eda. Neste obradoiro as crianzas son o foco, o elemento principal, que participa activamente no dese\u00f1o da tecnolox\u00eda analizando as s\u00faas experiencias persoais no xogo. A tecnolox\u00eda resolve problemas imitando como os resolveriamos as persoas na vida real. Con esta simple idea, imos constru\u00edndo os programas dos ordenadores.\t\t\t\t\t<\/p>\n\t\t\t\t\n\t\t\t<\/div>\n\t\t\t\n\t\t<\/div>\n\t\t\t\t\t\t<\/div>\n\t\t\t\t<\/div>\n\t\t\t\t<\/div>\n\t\t<div class=\"elementor-element elementor-element-d00bfe9 e-con-full e-flex e-con e-child\" data-id=\"d00bfe9\" data-element_type=\"container\" data-e-type=\"container\">\n\t\t\t\t<div class=\"elementor-element elementor-element-4fbc50d elementor-view-stacked elementor-position-inline-start elementor-widget__width-initial elementor-shape-circle elementor-mobile-position-block-start elementor-widget elementor-widget-icon-box\" data-id=\"4fbc50d\" data-element_type=\"widget\" data-e-type=\"widget\" data-widget_type=\"icon-box.default\">\n\t\t\t\t<div class=\"elementor-widget-container\">\n\t\t\t\t\t\t\t<div class=\"elementor-icon-box-wrapper\">\n\n\t\t\t\t\t\t<div class=\"elementor-icon-box-icon\">\n\t\t\t\t<span  class=\"elementor-icon\">\n\t\t\t\t<svg aria-hidden=\"true\" class=\"e-font-icon-svg e-fas-eye\" viewBox=\"0 0 576 512\" xmlns=\"http:\/\/www.w3.org\/2000\/svg\"><path d=\"M572.52 241.4C518.29 135.59 410.93 64 288 64S57.68 135.64 3.48 241.41a32.35 32.35 0 0 0 0 29.19C57.71 376.41 165.07 448 288 448s230.32-71.64 284.52-177.41a32.35 32.35 0 0 0 0-29.19zM288 400a144 144 0 1 1 144-144 143.93 143.93 0 0 1-144 144zm0-240a95.31 95.31 0 0 0-25.31 3.79 47.85 47.85 0 0 1-66.9 66.9A95.78 95.78 0 1 0 288 160z\"><\/path><\/svg>\t\t\t\t<\/span>\n\t\t\t<\/div>\n\t\t\t\n\t\t\t\t\t\t<div class=\"elementor-icon-box-content\">\n\n\t\t\t\t\t\t\t\t\t<h5 class=\"elementor-icon-box-title\">\n\t\t\t\t\t\t<span  >\n\t\t\t\t\t\t\tDescrici\u00f3n\t\t\t\t\t\t<\/span>\n\t\t\t\t\t<\/h5>\n\t\t\t\t\n\t\t\t\t\t\t\t\t\t<p class=\"elementor-icon-box-description\">\n\t\t\t\t\t\tEste obradoiro, proposto para a Universidade de Santiago de Compostela (USC), trata de dar a co\u00f1ecer os segredos da inform\u00e1tica e os ordenadores desde a \u00f3ptica da vida en dobre sentido. Achegar\u00e1 \u00f3 alumnado de entre 9 e 14 anos dous produtos de investigaci\u00f3n (programas inform\u00e1ticos), froito da colaboraci\u00f3n entre o campo da inform\u00e1tica e as ciencias da vida, a biolox\u00eda e a medicina.  O alumnado usar\u00e1 os programas CystAnalyser e STERapp, desenvoltos maioritariamente no Centro Singular de Investigaci\u00f3n en Tecnolox\u00edas Intelixentes da USC (CiTIUS) para sentirse como unha cient\u00edfica ou un cient\u00edfico nos laboratorios de ciencias da vida.<br><br>Partimos da idea de que a inform\u00e1tica e os ordenadores (m\u00f3bil, tableta, ordenador port\u00e1til, consola de videoxogos, ordenador port\u00e1til ou robot), as\u00ed como os programas que se executan neles, foron creados polas persoas. Polo tanto, o noso crecemento e experiencias de aprendizaxe foron a fonte de inspiraci\u00f3n para o seu dese\u00f1o. As\u00ed, a comparaci\u00f3n entre un ordenador (electrodom\u00e9stico) co corpo humano e os programas que se executan no ordenador co cerebro ou intelixencia permite introducir o proceso de construcci\u00f3n de programas como un proceso de l\u00f3xica e sentido com\u00fan a partir das experiencias do alumnado. Neste proceso o alumnado deixa de ser expectante dunha caixa luminosa (ordenador) de entretemento, da que desco\u00f1ece o seu funcionamento interno. Pret\u00e9ndese que o alumnado participe activamente na resoluci\u00f3n de problemas na inform\u00e1tica coma se tivese o obxetivo de ensinar a outra crianza (por exemplo, un irm\u00e1n ou unha irm\u00e1 m\u00e1is nova) as ferramentas da vida que el ou ela xa dominan, os co\u00f1ecementos propios da s\u00faa idade en matem\u00e1ticas, linguas ou ciencias sociais e naturais. Isto \u00e9 posible desde a concepci\u00f3n de que un ordenador \u00e9 un cerebro en branco (un beb\u00e9) que non sabe nada e temos a responsabilidade de irlle ensinando. O alumnado, vendo como resolver\u00eda problemas simples, axeitados \u00e1 s\u00faa idade, con lapis e papel, reflexiona sobre como ensinarllo \u00e1 m\u00e1quina baleira, que \u00e9 o ordenador.<br><br>A continuaci\u00f3n prop\u00f3\u00f1ense diferentes actividades que cubren diferentes aspectos da inform\u00e1tica, xunto co obxetivo de cada unha. Proporci\u00f3nase material e instrucci\u00f3ns para que o profesorado poida desenvolvelas nas aulas con alumnado de entre 9 e 14 anos. Cada docente readaptar\u00e1 cada actividade \u00f3 nivel educativo espec\u00edfico utilizando a metodolox\u00eda did\u00e1ctica que estime oportuna e, nalg\u00fans casos, rebaixando os obxectivos e realizando algunhas das actividades propostas s\u00f3 parcialmente. En calquera caso, en cada actividade haber\u00e1 alg\u00fan comentario acerca da idade do alumnado. Ningunha das actividades vulnera a privacidade e intimidade do alumnado, nin do profesorado, que participan nelas.\t\t\t\t\t<\/p>\n\t\t\t\t\n\t\t\t<\/div>\n\t\t\t\n\t\t<\/div>\n\t\t\t\t\t\t<\/div>\n\t\t\t\t<\/div>\n\t\t\t\t<\/div>\n\t\t\t\t\t<\/div>\n\t\t\t\t<\/div>\n\t\t<div class=\"elementor-element elementor-element-bff64c7 e-flex e-con-boxed e-con e-parent\" data-id=\"bff64c7\" data-element_type=\"container\" data-e-type=\"container\">\n\t\t\t\t\t<div class=\"e-con-inner\">\n\t\t<div class=\"elementor-element elementor-element-11f6679 e-con-full e-flex e-con e-child\" data-id=\"11f6679\" data-element_type=\"container\" data-e-type=\"container\">\n\t\t\t\t<div class=\"elementor-element elementor-element-d6933cd elementor-widget elementor-widget-button\" data-id=\"d6933cd\" data-element_type=\"widget\" data-e-type=\"widget\" data-widget_type=\"button.default\">\n\t\t\t\t<div class=\"elementor-widget-container\">\n\t\t\t\t\t\t\t\t\t<div class=\"elementor-button-wrapper\">\n\t\t\t\t\t<a class=\"elementor-button elementor-button-link elementor-size-sm\" href=\"https:\/\/tec.citius.usc.es\/ainformaticaeavida\/program\/\">\n\t\t\t\t\t\t<span class=\"elementor-button-content-wrapper\">\n\t\t\t\t\t\t\t\t\t<span class=\"elementor-button-text\">Ver obradoiros<\/span>\n\t\t\t\t\t<\/span>\n\t\t\t\t\t<\/a>\n\t\t\t\t<\/div>\n\t\t\t\t\t\t\t\t<\/div>\n\t\t\t\t<\/div>\n\t\t\t\t<div class=\"elementor-element elementor-element-0291f4e elementor-view-stacked elementor-position-inline-start elementor-widget__width-initial elementor-shape-circle elementor-mobile-position-block-start elementor-widget elementor-widget-icon-box\" data-id=\"0291f4e\" data-element_type=\"widget\" data-e-type=\"widget\" data-widget_type=\"icon-box.default\">\n\t\t\t\t<div class=\"elementor-widget-container\">\n\t\t\t\t\t\t\t<div class=\"elementor-icon-box-wrapper\">\n\n\t\t\t\t\t\t<div class=\"elementor-icon-box-icon\">\n\t\t\t\t<span  class=\"elementor-icon\">\n\t\t\t\t<svg aria-hidden=\"true\" class=\"e-font-icon-svg e-fas-highlighter\" viewBox=\"0 0 544 512\" xmlns=\"http:\/\/www.w3.org\/2000\/svg\"><path d=\"M0 479.98L99.92 512l35.45-35.45-67.04-67.04L0 479.98zm124.61-240.01a36.592 36.592 0 0 0-10.79 38.1l13.05 42.83-50.93 50.94 96.23 96.23 50.86-50.86 42.74 13.08c13.73 4.2 28.65-.01 38.15-10.78l35.55-41.64-173.34-173.34-41.52 35.44zm403.31-160.7l-63.2-63.2c-20.49-20.49-53.38-21.52-75.12-2.35L190.55 183.68l169.77 169.78L530.27 154.4c19.18-21.74 18.15-54.63-2.35-75.13z\"><\/path><\/svg>\t\t\t\t<\/span>\n\t\t\t<\/div>\n\t\t\t\n\t\t\t\t\t\t<div class=\"elementor-icon-box-content\">\n\n\t\t\t\t\t\t\t\t\t<h5 class=\"elementor-icon-box-title\">\n\t\t\t\t\t\t<span  >\n\t\t\t\t\t\t\tObradoiros\t\t\t\t\t\t<\/span>\n\t\t\t\t\t<\/h5>\n\t\t\t\t\n\t\t\t\t\t\t\t\t\t<p class=\"elementor-icon-box-description\">\n\t\t\t\t\t\tA continuaci\u00f3n tes \u00e1 t\u00faa disposici\u00f3n o listado de actividades que conforman este obradoiro:<br>\n<ol>\n<li>Quen inventou a inform\u00e1tica?<\/li>\n<li>As tripas do ordenador: como son as tripas dun ordenador \/ m\u00f3bil?<\/li>\n<li>Os recordos dos ordenadores: escribindo nunha libreta<\/li>\n<li>As fotos e imaxes: que son os megap\u00edxeles nas c\u00e1maras de fotos?<\/li>\n<li>Xoguemos a ser cient\u00edficas e cient\u00edficos na medicina e na pesca<\/li>\n<li>Medindo c\u00e9lulas: contando puntos (p\u00edxeles) nas imaxes<\/li>\n<li>A escala dixital: medindo a realidade que nos rodea<\/li>\n<li>Medindo a realidade nas ciencias naturais e sociais<\/li>\n<li>En que se parece un conto a un programa?<\/li>\n<li>Que \u00e9 a intelixencia artificial?<\/li><span style=\"font-style: inherit;font-weight: inherit;background-color: var( --e-global-color-astglobalcolor5 );color: var(--ast-global-color-3)\"><\/span><\/ol>\t\t\t\t\t<\/p>\n\t\t\t\t\n\t\t\t<\/div>\n\t\t\t\n\t\t<\/div>\n\t\t\t\t\t\t<\/div>\n\t\t\t\t<\/div>\n\t\t\t\t<\/div>\n\t\t\t\t\t<\/div>\n\t\t\t\t<\/div>\n\t\t\t\t<\/div>\n\t\t","protected":false},"excerpt":{"rendered":"<p>10 obradoiros para alumnado de eduaci\u00f3n primaria e secundaria A inform\u00e1tica e a vida Realidades No \u00e1mbito profesional da tecnolox\u00eda da informaci\u00f3n e da Comunicaci\u00f3n (TIC) s\u00f3 traballan un 20% de mulleres. Nas universidades espa\u00f1olas s\u00f3 estudan graos de enxe\u00f1ar\u00eda entre un 20 a 25% de alumnas e, no caso de enxe\u00f1ar\u00eda inform\u00e1tica, menos dun [&hellip;]<\/p>\n","protected":false},"author":1,"featured_media":0,"parent":0,"menu_order":0,"comment_status":"closed","ping_status":"closed","template":"","meta":{"_uag_custom_page_level_css":"","site-sidebar-layout":"no-sidebar","site-content-layout":"page-builder","ast-site-content-layout":"full-width-container","site-content-style":"default","site-sidebar-style":"default","ast-global-header-display":"","ast-banner-title-visibility":"","ast-main-header-display":"","ast-hfb-above-header-display":"","ast-hfb-below-header-display":"","ast-hfb-mobile-header-display":"","site-post-title":"disabled","ast-breadcrumbs-content":"","ast-featured-img":"disabled","footer-sml-layout":"","theme-transparent-header-meta":"","adv-header-id-meta":"","stick-header-meta":"","header-above-stick-meta":"","header-main-stick-meta":"","header-below-stick-meta":"","astra-migrate-meta-layouts":"set","ast-page-background-enabled":"default","ast-page-background-meta":{"desktop":{"background-color":"var(--ast-global-color-4)","background-image":"","background-repeat":"repeat","background-position":"center center","background-size":"auto","background-attachment":"scroll","background-type":"","background-media":"","overlay-type":"","overlay-color":"","overlay-gradient":""},"tablet":{"background-color":"","background-image":"","background-repeat":"repeat","background-position":"center center","background-size":"auto","background-attachment":"scroll","background-type":"","background-media":"","overlay-type":"","overlay-color":"","overlay-gradient":""},"mobile":{"background-color":"","background-image":"","background-repeat":"repeat","background-position":"center center","background-size":"auto","background-attachment":"scroll","background-type":"","background-media":"","overlay-type":"","overlay-color":"","overlay-gradient":""}},"ast-content-background-meta":{"desktop":{"background-color":"var(--ast-global-color-5)","background-image":"","background-repeat":"repeat","background-position":"center center","background-size":"auto","background-attachment":"scroll","background-type":"","background-media":"","overlay-type":"","overlay-color":"","overlay-gradient":""},"tablet":{"background-color":"var(--ast-global-color-5)","background-image":"","background-repeat":"repeat","background-position":"center center","background-size":"auto","background-attachment":"scroll","background-type":"","background-media":"","overlay-type":"","overlay-color":"","overlay-gradient":""},"mobile":{"background-color":"var(--ast-global-color-5)","background-image":"","background-repeat":"repeat","background-position":"center center","background-size":"auto","background-attachment":"scroll","background-type":"","background-media":"","overlay-type":"","overlay-color":"","overlay-gradient":""}},"footnotes":""},"class_list":["post-1729","page","type-page","status-publish","hentry"],"uagb_featured_image_src":{"full":false,"thumbnail":false,"medium":false,"medium_large":false,"large":false,"1536x1536":false,"2048x2048":false},"uagb_author_info":{"display_name":"ainformatica-admin","author_link":"https:\/\/tec.citius.usc.es\/ainformaticaeavida\/author\/ainformatica-admin\/"},"uagb_comment_info":0,"uagb_excerpt":"10 obradoiros para alumnado de eduaci\u00f3n primaria e secundaria A inform\u00e1tica e a vida Realidades No \u00e1mbito profesional da tecnolox\u00eda da informaci\u00f3n e da Comunicaci\u00f3n (TIC) s\u00f3 traballan un 20% de mulleres. Nas universidades espa\u00f1olas s\u00f3 estudan graos de enxe\u00f1ar\u00eda entre un 20 a 25% de alumnas e, no caso de enxe\u00f1ar\u00eda inform\u00e1tica, menos dun&hellip;","_links":{"self":[{"href":"https:\/\/tec.citius.usc.es\/ainformaticaeavida\/wp-json\/wp\/v2\/pages\/1729","targetHints":{"allow":["GET"]}}],"collection":[{"href":"https:\/\/tec.citius.usc.es\/ainformaticaeavida\/wp-json\/wp\/v2\/pages"}],"about":[{"href":"https:\/\/tec.citius.usc.es\/ainformaticaeavida\/wp-json\/wp\/v2\/types\/page"}],"author":[{"embeddable":true,"href":"https:\/\/tec.citius.usc.es\/ainformaticaeavida\/wp-json\/wp\/v2\/users\/1"}],"replies":[{"embeddable":true,"href":"https:\/\/tec.citius.usc.es\/ainformaticaeavida\/wp-json\/wp\/v2\/comments?post=1729"}],"version-history":[{"count":38,"href":"https:\/\/tec.citius.usc.es\/ainformaticaeavida\/wp-json\/wp\/v2\/pages\/1729\/revisions"}],"predecessor-version":[{"id":2943,"href":"https:\/\/tec.citius.usc.es\/ainformaticaeavida\/wp-json\/wp\/v2\/pages\/1729\/revisions\/2943"}],"wp:attachment":[{"href":"https:\/\/tec.citius.usc.es\/ainformaticaeavida\/wp-json\/wp\/v2\/media?parent=1729"}],"curies":[{"name":"wp","href":"https:\/\/api.w.org\/{rel}","templated":true}]}}